{"id":169,"date":"2020-11-11T09:35:18","date_gmt":"2020-11-11T08:35:18","guid":{"rendered":"http:\/\/kasteelhof-ameland.nl\/home\/"},"modified":"2023-06-30T09:24:04","modified_gmt":"2023-06-30T07:24:04","slug":"home","status":"publish","type":"page","link":"https:\/\/kasteelhof-ameland.nl\/de\/","title":{"rendered":"home"},"content":{"rendered":"<p>[vc_row full_width=&#8220;stretch_row&#8220; css=&#8220;.vc_custom_1482251549699{background-color: #ffd1b2 !important;border-radius: 3px !important;}&#8220;][vc_column][vc_raw_js]JTNDc2NyaXB0JTIwc3JjJTNEJTIyaHR0cHMlM0ElMkYlMkZjZG4uYm9va3pvLm5sJTJGYm9va3pvLWVsZW1lbnRzJTJGYm9va3pvLWVsZW1lbnRzLmpzJTIyJTIwYXN5bmMlMjBkZWZlciUzRSUzQyUyRnNjcmlwdCUzRSUwQSUzQ3NjcmlwdCUzRSUwQSUwOXZhciUyMGJvb2t6b0VsZW1lbnRzTXVsdGlQYWdlU2V0dXAlMjAlM0QlMjAlN0IlMEElMDklMDlhcGlLZXklM0ElMjAlMjd5NWNyOGZycEdvOTMlMjclMkMlMEElMDklMDljb25maWclM0ElMjAlMjclN0IlMjJyZXN1bHRzJTIyJTNBJTdCJTIycHJlRmlsdGVycyUyMiUzQSU3QiUyMmdyb3VwSWRzJTIyJTNBJTVCMyU1RCU3RCU3RCU3RCUyNyUyQyUwQSUwOSUwOXJlc3VsdHNVcmwlM0ElMjAlMjclMkZkZSUyRnJlc3VsdGF0ZW4lMjclMkMlMEElMDklMDlvYmplY3RVcmwlM0ElMjAlMjclMkZkZSUyRm9iamVjdCUyNyUyQyUwQSUwOSUwOW9iamVjdFVybE1hcCUzQSUyMCU1QiUwQSUwOSUwOSUwOSU3QiUwQSUwOSUwOSUwOSUwOSUyRiUyRiUyMEtvZXRzaHVpcyUyMDI5JTBBJTA5JTA5JTA5JTA5b2JqZWN0SWQlM0ElMjA2JTJDJTBBJTA5JTA5JTA5JTA5dXJsJTNBJTIwJTI3JTJGZGUlMkZrb2V0c2h1aXMlMjclMEElMDklMDklMDklN0QlMkMlMEElMDklMDklMDklN0IlMEElMDklMDklMDklMDklMkYlMkYlMjBLb2V0c2h1aXMlMjAyOSUyMHBlcmlvZGUlMEElMDklMDklMDklMDlvYmplY3RJZCUzQSUyMDklMkMlMEElMDklMDklMDklMDl1cmwlM0ElMjAlMjclMkZkZSUyRmtvZXRzaHVpcy0xNS1wZXJzJTI3JTBBJTA5JTA5JTA5JTdEJTJDJTBBJTA5JTA5JTA5JTdCJTBBJTA5JTA5JTA5JTA5JTJGJTJGJTIwS2FzdGVlbGh1aXMlMEElMDklMDklMDklMDlvYmplY3RJZCUzQSUyMDEwJTJDJTBBJTA5JTA5JTA5JTA5dXJsJTNBJTIwJTI3JTJGZGUlMkZrYXN0ZWVsaHVpcyUyNyUwQSUwOSUwOSUwOSU3RCUyQyUwQSUwOSUwOSUwOSU3QiUwQSUwOSUwOSUwOSUwOSUyRiUyRiUyMEJpbm5lbmhvZiUwQSUwOSUwOSUwOSUwOW9iamVjdElkJTNBJTIwMTElMkMlMEElMDklMDklMDklMDl1cmwlM0ElMjAlMjclMkZkZSUyRmJpbm5lbmhvZiUyNyUwQSUwOSUwOSUwOSU3RCUwQSUwOSUwOSU1RCUyQyUwQSUwOSUwOWJvb2tVcmwlM0ElMjAlMjclMkZkZSUyRnJlc2VydmVyZW4lMjclMkMlMEElMDklMDljb25maXJtYXRpb25VcmwlM0ElMjAlMjclMkZkZSUyRmJldmVzdGlnaW5nJTI3JTBBJTA5JTdEJTNCJTBBJTNDJTJGc2NyaXB0JTNF[\/vc_raw_js][vc_raw_html]JTNDYm9va3pvLXNlYXJjaCUyMGxhbmclM0QlMjdkZSUyNyUyMGNvbmZpZyUzRCUyNyU3QiUyMnNlYXJjaCUyMiUzQSU3QiUyMmFsbG93TXVsdGlwbGVBY2NvbW1vZGF0aW9ucyUyMiUzQWZhbHNlJTJDJTIyc2hvd0xhYmVscyUyMiUzQWZhbHNlJTJDJTIyc2hvd0lucHV0SWNvbnMlMjIlM0F0cnVlJTJDJTIyc2hvd0dyb3VwcyUyMiUzQWZhbHNlJTdEJTdEJTI3JTNFJTNDJTJGYm9va3pvLXNlYXJjaCUzRQ==[\/vc_raw_html][\/vc_column][\/vc_row][vc_row el_id=&#8220;welkom&#8220; el_class=&#8220;sectionPadding&#8220; css=&#8220;.vc_custom_1605085996613{padding-top: 30px !important;padding-bottom: 10px !important;}&#8220;][vc_column offset=&#8220;vc_col-xs-12&#8243;][vc_row_inner css=&#8220;.vc_custom_1605084893529{background-position: center !important;background-repeat: no-repeat !important;background-size: contain !important;}&#8220;][vc_column_inner width=&#8220;1\/4&#8243; css=&#8220;.vc_custom_1452161190899{background-image: url(http:\/\/www.oranjerie-ameland.nl\/wp-content\/uploads\/wit.png?id=8316) !important;background-position: center !important;background-repeat: no-repeat !important;background-size: cover !important;}&#8220;][vc_single_image image=&#8220;170&#8243; img_size=&#8220;full&#8220;][\/vc_column_inner][vc_column_inner width=&#8220;3\/4&#8243; offset=&#8220;vc_hidden-xs&#8220;][vc_column_text]<\/p>\n<h1>Kasteelhof, einfach genie\u00dfen!<\/h1>\n<p>Der Kasteelhof befindet sich in wundersch\u00f6ner Lage, umgeben von viel Gr\u00fcn am Rande des Dorfes Buren. Es liegt zentral zwischen dem Weltkulturerbe Wattenmeer und der Nordsee.<br \/>\nF\u00fcr Familien und Verwandte ist es ein gro\u00dfartiger Ort, um den Raum und die Landschaft zu genie\u00dfen. Als Gast finden Sie hier den Raum, um Erinnerungen mit Ihrer Familie zu sammeln und sich zu am\u00fcsieren. Ihre Kinder k\u00f6nnen im Sandkasten spielen oder die Schaukeln benutzen. Das Gel\u00e4nde verf\u00fcgt \u00fcber einen eigenen Fu\u00dfballplatz und einen Volleyballplatz. Wir bieten Ihnen einen angenehmen Aufenthalt in einer angenehmen Atmosph\u00e4re, die zur Insel passt.<\/p>\n<p>Kasteelhof bietet Ihnen 3 Ferienh\u00e4user. Von 4 bis 15 Personen, \u00dcberpr\u00fcfen Sie die Website oder E-Mail f\u00fcr Informationen.<\/p>\n<p>Wir hei\u00dfen Sie herzlich Willkommen<\/p>\n<p>Marieke en Nico van Schaijk-Ketelaars[\/vc_column_text][\/vc_column_inner][\/vc_row_inner][\/vc_column][\/vc_row][vc_row full_width=&#8220;stretch_row&#8220; gap=&#8220;10&#8243; equal_height=&#8220;yes&#8220; el_id=&#8220;oranjerie&#8220; el_class=&#8220;sectionPadding sectionProperty bgk bgk1&#8243; css=&#8220;.vc_custom_1605535259149{background-color: #b5b5b5 !important;}&#8220;][vc_column width=&#8220;1\/3&#8243; css=&#8220;.vc_custom_1605535457876{margin-top: 40px !important;margin-bottom: 30px !important;padding-top: 15px !important;background-color: #ffffff !important;border-radius: 5px !important;}&#8220;][vc_single_image image=&#8220;201&#8243; img_size=&#8220;full&#8220; alignment=&#8220;center&#8220; onclick=&#8220;link_image&#8220;][vc_column_text]<\/p>\n<h3 style=\"text-align: center;\">Kasteelhuis<\/h3>\n<p style=\"text-align: center;\"><em><strong>Kasteelhuis ist ein Ferienhaus f\u00fcr 6 Personen auf einem traditionell originalen Ameland-Bauernhof. Das Ferienhaus liegt am Rande des sch\u00f6nen Dorfes Buren. Es ist 2,5 km. vom Strand und 1 km. vom Wattenmeer.<\/strong><\/em><\/p>\n<p>[\/vc_column_text][vc_btn title=&#8220;Mehr Informationen&#8220; style=&#8220;custom&#8220; custom_background=&#8220;#ff6600&#8243; custom_text=&#8220;#ffffff&#8220; align=&#8220;center&#8220; button_block=&#8220;true&#8220; link=&#8220;url:http%3A%2F%2Fkasteelhof-ameland.nl%2Fkasteelhuis%2F|title:Kasteelhuis&#8220;][vc_btn title=&#8220;Reservieren&#8220; style=&#8220;custom&#8220; custom_background=&#8220;#00acea&#8220; custom_text=&#8220;#ffffff&#8220; align=&#8220;center&#8220; button_block=&#8220;true&#8220; link=&#8220;url:http%3A%2F%2Fkasteelhof-ameland.nl%2Fde%2Fkasteelhuis-reserveren%2F%23full-block-calendar|title:Kasteelhuis&#8220;][\/vc_column][vc_column width=&#8220;1\/3&#8243; el_class=&#8220;Oranjerie&#8220; css=&#8220;.vc_custom_1605535462812{margin-top: 40px !important;margin-bottom: 30px !important;padding-top: 15px !important;background-color: #ffffff !important;border-radius: 5px !important;}&#8220;][vc_single_image image=&#8220;173&#8243; img_size=&#8220;full&#8220; alignment=&#8220;center&#8220; onclick=&#8220;link_image&#8220;][vc_column_text]<\/p>\n<h3 style=\"text-align: center;\">Koetshuis<\/h3>\n<p style=\"text-align: center;\"><strong><em>Koetshuis ist ein gro\u00dfes Familienferienhaus f\u00fcr bis zu 15 Personen. Das Koetshuis ist ein gem\u00fctliches Ferienhaus. Auch f\u00fcr Behinderte geeignet. Das Ferienhaus liegt am Rande des sch\u00f6nen Dorfes Buren. Es ist 2,5 km. vom Strand und 1 km. vom Wattenmeer.<\/em><\/strong><\/p>\n<p>[\/vc_column_text][vc_btn title=&#8220;Mehr Informationen&#8220; style=&#8220;custom&#8220; custom_background=&#8220;#ff6600&#8243; custom_text=&#8220;#ffffff&#8220; align=&#8220;center&#8220; button_block=&#8220;true&#8220; link=&#8220;url:http%3A%2F%2Fkasteelhof-ameland.nl%2Fkoetshuis%2F|title:Kasteelhuis&#8220;][vc_btn title=&#8220;Reservieren&#8220; style=&#8220;custom&#8220; custom_background=&#8220;#00acea&#8220; custom_text=&#8220;#ffffff&#8220; align=&#8220;center&#8220; button_block=&#8220;true&#8220; link=&#8220;url:http%3A%2F%2Fkasteelhof-ameland.nl%2Fde%2Fkoetshuis-reserveren%2F%23full-block-calendar|title:Kasteelhuis&#8220;][\/vc_column][vc_column width=&#8220;1\/3&#8243; css=&#8220;.vc_custom_1605535469052{margin-top: 40px !important;margin-bottom: 30px !important;padding-top: 15px !important;background-color: #ffffff !important;border-radius: 5px !important;}&#8220;][vc_single_image image=&#8220;263&#8243; img_size=&#8220;full&#8220; alignment=&#8220;center&#8220; onclick=&#8220;link_image&#8220;][vc_column_text]<\/p>\n<h3 style=\"text-align: center;\">Binnenhof<\/h3>\n<p style=\"text-align: center;\"><em><strong>Der Binnenhof ist ein neues 4-Personen-Ferienhaus am Rande des sch\u00f6nen Dorfes Buren. Es ist 2,5 km. vom Strand und 1 km. vom Wattenmeer.<\/strong><\/em><\/p>\n<p>[\/vc_column_text][vc_btn title=&#8220;Mehr Informationen&#8220; style=&#8220;custom&#8220; custom_background=&#8220;#ff6600&#8243; custom_text=&#8220;#ffffff&#8220; align=&#8220;center&#8220; button_block=&#8220;true&#8220; link=&#8220;url:http%3A%2F%2Fkasteelhof-ameland.nl%2Fbinnenhof%2F|title:Kasteelhuis&#8220;][vc_btn title=&#8220;Reservieren&#8220; style=&#8220;custom&#8220; custom_background=&#8220;#00acea&#8220; custom_text=&#8220;#ffffff&#8220; align=&#8220;center&#8220; button_block=&#8220;true&#8220; link=&#8220;url:http%3A%2F%2Fkasteelhof-ameland.nl%2Fde%2Fbinnenhof-reserveren%2F%23full-block-calendar|title:Kasteelhuis&#8220;][\/vc_column][\/vc_row][vc_row el_class=&#8220;sectionPadding&#8220; css=&#8220;.vc_custom_1482245600843{padding-bottom: 30px !important;}&#8220;][vc_column offset=&#8220;vc_col-xs-12&#8243;][vc_row_inner el_class=&#8220;boxFeature&#8220;][vc_column_inner el_class=&#8220;groepshotel&#8220; width=&#8220;1\/4&#8243;]<div class=\"icon_box icon_position_top no_border\"><div class=\"image_wrapper\"><img class=\"scale-with-grid\" src=\"https:\/\/kasteelhof-ameland.nl\/wp-content\/uploads\/2020\/11\/image-3.jpeg\" alt=\"image\" width=\"81\" height=\"81\"\/><\/div><div class=\"desc_wrapper\"><h4 class=\"title\">W-lan<\/h4><div class=\"desc\">Wifi ist kostenlos verf\u00fcgbar<\/div><\/div><\/div>\n[\/vc_column_inner][vc_column_inner el_class=&#8220;wifi&#8220; width=&#8220;1\/4&#8243;]<div class=\"icon_box icon_position_top no_border\"><div class=\"image_wrapper\"><img class=\"scale-with-grid\" src=\"https:\/\/kasteelhof-ameland.nl\/wp-content\/uploads\/2020\/11\/image-4.jpeg\" alt=\"image\" width=\"81\" height=\"81\"\/><\/div><div class=\"desc_wrapper\"><h4 class=\"title\">Spielplatz<\/h4><div class=\"desc\">Der Kasteelhof verf\u00fcgt \u00fcber einen eigenen Gemeinschaftsspielplatz mit Fu\u00dfball- und Volleyballfeld.<\/div><\/div><\/div>\n[\/vc_column_inner][vc_column_inner el_class=&#8220;speelweide&#8220; width=&#8220;1\/4&#8243;]<div class=\"icon_box icon_position_top no_border\"><div class=\"image_wrapper\"><img class=\"scale-with-grid\" src=\"https:\/\/kasteelhof-ameland.nl\/wp-content\/uploads\/2020\/11\/image-5.jpeg\" alt=\"image\" width=\"81\" height=\"81\"\/><\/div><div class=\"desc_wrapper\"><h4 class=\"title\">Menschen mit Behinderung<\/h4><div class=\"desc\">Das Koetshuis verf\u00fcgt \u00fcber 1 Miva-Raum im Erdgeschoss.<\/div><\/div><\/div>\n[\/vc_column_inner][vc_column_inner el_class=&#8220;mindervaliden&#8220; width=&#8220;1\/4&#8243;]<div class=\"icon_box icon_position_top no_border\"><div class=\"image_wrapper\"><img class=\"scale-with-grid\" src=\"https:\/\/kasteelhof-ameland.nl\/wp-content\/uploads\/2020\/11\/image-6.jpeg\" alt=\"image\" width=\"81\" height=\"81\"\/><\/div><div class=\"desc_wrapper\"><h4 class=\"title\">Parken<\/h4><div class=\"desc\">Parkpl\u00e4tze vorhanden.<\/div><\/div><\/div>\n[\/vc_column_inner][\/vc_row_inner][\/vc_column][\/vc_row][vc_row full_width=&#8220;stretch_row&#8220; el_id=&#8220;Locatie&#8220; el_class=&#8220;sectionPadding bgk bgk1&#8243; css=&#8220;.vc_custom_1605090692752{margin-bottom: 0px !important;border-bottom-width: 0px !important;padding-bottom: 0px !important;background-color: #383838 !important;}&#8220;][vc_column width=&#8220;7\/12&#8243; el_class=&#8220;location&#8220;][vc_column_text el_class=&#8220;infoBox wit&#8220;]<\/p>\n<h3>Lage &amp; in der N\u00e4he<\/h3>\n<p>Der Kasteelhof befindet sich in dem kleinen Dorf Buren im Osten von Ameland. Innerhalb weniger Minuten sind Sie am Wad und dann auch noch am Strand.[\/vc_column_text][vc_row_inner][vc_column_inner el_class=&#8220;box&#8220; width=&#8220;1\/2&#8243;][vc_icon icon_fontawesome=&#8220;fa fa-sun-o&#8220; color=&#8220;white&#8220; size=&#8220;lg&#8220; align=&#8220;center&#8220;][vc_column_text el_class=&#8220;wit&#8220;]<\/p>\n<h4 style=\"text-align: center;\">Strand<\/h4>\n<p style=\"text-align: center;\">Nach 1,8 Kilometern sind Sie am Hauptstrand von Buren<\/p>\n<p>[\/vc_column_text][\/vc_column_inner][vc_column_inner el_class=&#8220;box top0&#8243; width=&#8220;1\/2&#8243;][vc_icon icon_fontawesome=&#8220;fa fa-diamond&#8220; color=&#8220;white&#8220; size=&#8220;lg&#8220; align=&#8220;center&#8220;][vc_column_text el_class=&#8220;wit&#8220;]<\/p>\n<h4 style=\"text-align: center;\">Weltkulturerbe \u2019t Wad<\/h4>\n<p style=\"text-align: center;\">Auf 1,1 Kilometern befindet sich das UNESCO-Weltkulturerbe Wattenmeer. Ein wundersch\u00f6nes St\u00fcck Natur, das auf jeden Fall einen Blick wert ist.<\/p>\n<p>[\/vc_column_text][\/vc_column_inner][\/vc_row_inner][vc_row_inner][vc_column_inner el_class=&#8220;box top1&#8243; width=&#8220;1\/2&#8243;][vc_icon icon_fontawesome=&#8220;fa fa-shopping-basket&#8220; color=&#8220;white&#8220; size=&#8220;lg&#8220; align=&#8220;center&#8220;][vc_column_text el_class=&#8220;wit&#8220;]<\/p>\n<h4 style=\"text-align: center;\">Supermarkt<\/h4>\n<p style=\"text-align: center;\">Der Jumbo ist 2 Kilometer entfernt.<\/p>\n<p>[\/vc_column_text][\/vc_column_inner][vc_column_inner el_class=&#8220;box top2&#8243; width=&#8220;1\/2&#8243;][vc_icon icon_fontawesome=&#8220;fa fa-fort-awesome&#8220; color=&#8220;white&#8220; size=&#8220;lg&#8220; align=&#8220;center&#8220;][vc_column_text el_class=&#8220;wit&#8220;]<\/p>\n<h4 style=\"text-align: center;\">Recreatie de Vleyen<\/h4>\n<p style=\"text-align: center;\">Das Natur- und Erholungsgebiet De Vleyen liegt 1,8 km von der Oranjerie entfernt. Genie\u00dfen Sie f\u00fcr einen wunderbaren erholsamen Tag Ruhe, Sport und Spiel.<\/p>\n<p>[\/vc_column_text][\/vc_column_inner][\/vc_row_inner][\/vc_column][vc_column width=&#8220;1\/3&#8243;][\/vc_column][vc_column width=&#8220;5\/12&#8243;]<div class=\"google-map-wrapper no_border\"><div class=\"google-map\" id=\"google-map-area-69d243bd7ef7f\" style=\"width:100%; height:500px; \">&nbsp;<\/div><\/div>\n[\/vc_column][vc_column offset=&#8220;vc_col-xs-11&#8243; css=&#8220;.vc_custom_1606766635708{margin-bottom: 0px !important;border-bottom-width: 0px !important;padding-bottom: 0px !important;}&#8220;][vc_row_inner el_id=&#8220;contact&#8220; css=&#8220;.vc_custom_1452603585684{margin-top: 60px !important;}&#8220;][vc_column_inner width=&#8220;1\/2&#8243;][vc_column_text el_class=&#8220;infoBox wit&#8220;]<\/p>\n<h3>Kontaktdetails<\/h3>\n<p>Familie\u00a0van Schaijk \u2013 Ketelaars<\/p>\n<p>T. Boelensweg 9-11<br \/>\n9164 KP Buren<br \/>\nTel: 0519-542189<br \/>\nMob: 0657344436<\/p>\n<p>E-mail:\u00a0info@oranjerie-ameland.nl[\/vc_column_text][\/vc_column_inner][vc_column_inner width=&#8220;1\/2&#8243;]\n<div class=\"wpcf7 no-js\" id=\"wpcf7-f67-o1\" lang=\"nl-NL\" dir=\"ltr\">\n<div class=\"screen-reader-response\"><p role=\"status\" aria-live=\"polite\" aria-atomic=\"true\"><\/p> <ul><\/ul><\/div>\n<form action=\"\/de\/wp-json\/wp\/v2\/pages\/169#wpcf7-f67-o1\" method=\"post\" class=\"wpcf7-form init\" aria-label=\"Contactformulier\" novalidate=\"novalidate\" data-status=\"init\">\n<div style=\"display: none;\">\n<input type=\"hidden\" name=\"_wpcf7\" value=\"67\" \/>\n<input type=\"hidden\" name=\"_wpcf7_version\" value=\"5.7.5.1\" \/>\n<input type=\"hidden\" name=\"_wpcf7_locale\" value=\"nl_NL\" \/>\n<input type=\"hidden\" name=\"_wpcf7_unit_tag\" value=\"wpcf7-f67-o1\" \/>\n<input type=\"hidden\" name=\"_wpcf7_container_post\" value=\"0\" \/>\n<input type=\"hidden\" name=\"_wpcf7_posted_data_hash\" value=\"\" \/>\n<\/div>\n<p><br \/>\n<span class=\"wpcf7-form-control-wrap\" data-name=\"your-name\"><input size=\"40\" class=\"wpcf7-form-control wpcf7-text wpcf7-validates-as-required\" aria-required=\"true\" aria-invalid=\"false\" placeholder=\"Uw naam...\" value=\"\" type=\"text\" name=\"your-name\" \/><\/span>\n<\/p>\n<p><span class=\"wpcf7-form-control-wrap\" data-name=\"your-email\"><input size=\"40\" class=\"wpcf7-form-control wpcf7-text wpcf7-email wpcf7-validates-as-required wpcf7-validates-as-email\" aria-required=\"true\" aria-invalid=\"false\" placeholder=\"Uw email adres...\" value=\"\" type=\"email\" name=\"your-email\" \/><\/span>\n<\/p>\n<p><span class=\"wpcf7-form-control-wrap\" data-name=\"your-message\"><textarea cols=\"40\" rows=\"10\" class=\"wpcf7-form-control wpcf7-textarea\" aria-invalid=\"false\" placeholder=\"Uw bericht...\" name=\"your-message\"><\/textarea><\/span>\n<\/p>\n<p><input class=\"wpcf7-form-control has-spinner wpcf7-submit\" type=\"submit\" value=\"Verzenden\" \/>\n<\/p><div class=\"wpcf7-response-output\" aria-hidden=\"true\"><\/div>\n<\/form>\n<\/div>\n[\/vc_column_inner][\/vc_row_inner][\/vc_column][\/vc_row]<\/p>\n","protected":false},"excerpt":{"rendered":"<p>[vc_row full_width=&#8220;stretch_row&#8220; css=&#8220;.vc_custom_1482251549699{background-color: #ffd1b2 !important;border-radius: 3px !important;}&#8220;][vc_column][vc_raw_js]JTNDc2NyaXB0JTIwc3JjJTNEJTIyaHR0cHMlM0ElMkYlMkZjZG4uYm9va3pvLm5sJTJGYm9va3pvLWVsZW1lbnRzJTJGYm9va3pvLWVsZW1lbnRzLmpzJTIyJTIwYXN5bmMlMjBkZWZlciUzRSUzQyUyRnNjcmlwdCUzRSUwQSUzQ3NjcmlwdCUzRSUwQSUwOXZhciUyMGJvb2t6b0VsZW1lbnRzTXVsdGlQYWdlU2V0dXAlMjAlM0QlMjAlN0IlMEElMDklMDlhcGlLZXklM0ElMjAlMjd5NWNyOGZycEdvOTMlMjclMkMlMEElMDklMDljb25maWclM0ElMjAlMjclN0IlMjJyZXN1bHRzJTIyJTNBJTdCJTIycHJlRmlsdGVycyUyMiUzQSU3QiUyMmdyb3VwSWRzJTIyJTNBJTVCMyU1RCU3RCU3RCU3RCUyNyUyQyUwQSUwOSUwOXJlc3VsdHNVcmwlM0ElMjAlMjclMkZkZSUyRnJlc3VsdGF0ZW4lMjclMkMlMEElMDklMDlvYmplY3RVcmwlM0ElMjAlMjclMkZkZSUyRm9iamVjdCUyNyUyQyUwQSUwOSUwOW9iamVjdFVybE1hcCUzQSUyMCU1QiUwQSUwOSUwOSUwOSU3QiUwQSUwOSUwOSUwOSUwOSUyRiUyRiUyMEtvZXRzaHVpcyUyMDI5JTBBJTA5JTA5JTA5JTA5b2JqZWN0SWQlM0ElMjA2JTJDJTBBJTA5JTA5JTA5JTA5dXJsJTNBJTIwJTI3JTJGZGUlMkZrb2V0c2h1aXMlMjclMEElMDklMDklMDklN0QlMkMlMEElMDklMDklMDklN0IlMEElMDklMDklMDklMDklMkYlMkYlMjBLb2V0c2h1aXMlMjAyOSUyMHBlcmlvZGUlMEElMDklMDklMDklMDlvYmplY3RJZCUzQSUyMDklMkMlMEElMDklMDklMDklMDl1cmwlM0ElMjAlMjclMkZkZSUyRmtvZXRzaHVpcy0xNS1wZXJzJTI3JTBBJTA5JTA5JTA5JTdEJTJDJTBBJTA5JTA5JTA5JTdCJTBBJTA5JTA5JTA5JTA5JTJGJTJGJTIwS2FzdGVlbGh1aXMlMEElMDklMDklMDklMDlvYmplY3RJZCUzQSUyMDEwJTJDJTBBJTA5JTA5JTA5JTA5dXJsJTNBJTIwJTI3JTJGZGUlMkZrYXN0ZWVsaHVpcyUyNyUwQSUwOSUwOSUwOSU3RCUyQyUwQSUwOSUwOSUwOSU3QiUwQSUwOSUwOSUwOSUwOSUyRiUyRiUyMEJpbm5lbmhvZiUwQSUwOSUwOSUwOSUwOW9iamVjdElkJTNBJTIwMTElMkMlMEElMDklMDklMDklMDl1cmwlM0ElMjAlMjclMkZkZSUyRmJpbm5lbmhvZiUyNyUwQSUwOSUwOSUwOSU3RCUwQSUwOSUwOSU1RCUyQyUwQSUwOSUwOWJvb2tVcmwlM0ElMjAlMjclMkZkZSUyRnJlc2VydmVyZW4lMjclMkMlMEElMDklMDljb25maXJtYXRpb25VcmwlM0ElMjAlMjclMkZkZSUyRmJldmVzdGlnaW5nJTI3JTBBJTA5JTdEJTNCJTBBJTNDJTJGc2NyaXB0JTNF[\/vc_raw_js][vc_raw_html]JTNDYm9va3pvLXNlYXJjaCUyMGxhbmclM0QlMjdkZSUyNyUyMGNvbmZpZyUzRCUyNyU3QiUyMnNlYXJjaCUyMiUzQSU3QiUyMmFsbG93TXVsdGlwbGVBY2NvbW1vZGF0aW9ucyUyMiUzQWZhbHNlJTJDJTIyc2hvd0xhYmVscyUyMiUzQWZhbHNlJTJDJTIyc2hvd0lucHV0SWNvbnMlMjIlM0F0cnVlJTJDJTIyc2hvd0dyb3VwcyUyMiUzQWZhbHNlJTdEJTdEJTI3JTNFJTNDJTJGYm9va3pvLXNlYXJjaCUzRQ==[\/vc_raw_html][\/vc_column][\/vc_row][vc_row el_id=&#8220;welkom&#8220; el_class=&#8220;sectionPadding&#8220; css=&#8220;.vc_custom_1605085996613{padding-top: 30px !important;padding-bottom: 10px !important;}&#8220;][vc_column offset=&#8220;vc_col-xs-12&#8243;][vc_row_inner css=&#8220;.vc_custom_1605084893529{background-position: center !important;background-repeat: no-repeat !important;background-size: contain !important;}&#8220;][vc_column_inner width=&#8220;1\/4&#8243; css=&#8220;.vc_custom_1452161190899{background-image: url(http:\/\/www.oranjerie-ameland.nl\/wp-content\/uploads\/wit.png?id=8316) !important;background-position:<span class=\"excerpt-hellip\"> [\u2026]<\/span><\/p>\n","protected":false},"author":2,"featured_media":0,"parent":0,"menu_order":0,"comment_status":"closed","ping_status":"closed","template":"","meta":[],"_links":{"self":[{"href":"https:\/\/kasteelhof-ameland.nl\/de\/wp-json\/wp\/v2\/pages\/169"}],"collection":[{"href":"https:\/\/kasteelhof-ameland.nl\/de\/wp-json\/wp\/v2\/pages"}],"about":[{"href":"https:\/\/kasteelhof-ameland.nl\/de\/wp-json\/wp\/v2\/types\/page"}],"author":[{"embeddable":true,"href":"https:\/\/kasteelhof-ameland.nl\/de\/wp-json\/wp\/v2\/users\/2"}],"replies":[{"embeddable":true,"href":"https:\/\/kasteelhof-ameland.nl\/de\/wp-json\/wp\/v2\/comments?post=169"}],"version-history":[{"count":13,"href":"https:\/\/kasteelhof-ameland.nl\/de\/wp-json\/wp\/v2\/pages\/169\/revisions"}],"predecessor-version":[{"id":392,"href":"https:\/\/kasteelhof-ameland.nl\/de\/wp-json\/wp\/v2\/pages\/169\/revisions\/392"}],"wp:attachment":[{"href":"https:\/\/kasteelhof-ameland.nl\/de\/wp-json\/wp\/v2\/media?parent=169"}],"curies":[{"name":"wp","href":"https:\/\/api.w.org\/{rel}","templated":true}]}}